{"id":26,"date":"2021-04-26T14:24:16","date_gmt":"2021-04-26T17:24:16","guid":{"rendered":"http:\/\/localhost\/sitios\/suma360.agencia.2021\/?page_id=26"},"modified":"2021-04-29T12:14:48","modified_gmt":"2021-04-29T15:14:48","slug":"inicio","status":"publish","type":"page","link":"http:\/\/suma360.com\/agencia\/","title":{"rendered":"Inicio"},"content":{"rendered":"<p><img decoding=\"async\" width=\"998\" height=\"494\" src=\"http:\/\/localhost\/sitios\/suma360.agencia.2021\/wp-content\/uploads\/2021\/04\/graphic-home.jpg\" alt=\"\" loading=\"lazy\" srcset=\"http:\/\/localhost\/sitios\/suma360.agencia.2021\/wp-content\/uploads\/2021\/04\/graphic-home.jpg 998w, http:\/\/localhost\/sitios\/suma360.agencia.2021\/wp-content\/uploads\/2021\/04\/graphic-home-300x148.jpg 300w, http:\/\/localhost\/sitios\/suma360.agencia.2021\/wp-content\/uploads\/2021\/04\/graphic-home-768x380.jpg 768w, http:\/\/localhost\/sitios\/suma360.agencia.2021\/wp-content\/uploads\/2021\/04\/graphic-home-700x346.jpg 700w\" sizes=\"auto, (max-width: 998px) 100vw, 998px\"><\/p>\n<h2 style=\"text-align: left;\">BIENVENIDOS A SUMA360<\/h2>\n<p>Somos una consultora de marketing y comunicaci\u00f3n 360 con 20 a\u00f1os de experiencia en el mercado. Fuimos creciendo con nuestros clientes a medida que nos propusieron nuevos desaf\u00edos.<\/p>\n<p>Nuestra misi\u00f3n es agregar valor a su gesti\u00f3n de marketing. Nos integramos a sus equipos como <strong><em>brazo extendido<\/em><\/strong> de asesoramiento y ejecuci\u00f3n del d\u00eda a d\u00eda.<\/p>\n<p><a itemprop=\"url\" href=\"\/nosotros\" target=\"_self\" style=\"\" rel=\"noopener\">Ver m\u00e1s<\/a><\/p>\n<h2 style=\"text-align: center;\">ALGUNOS CASOS DE \u00c9XITO<\/h2>\n<article class=\"mix large_width\" style=\"\">\n                <a itemprop=\"url\" class=\"portfolio_link_for_touch\" href=\"http:\/\/localhost\/sitios\/suma360.agencia.2021\/portfolio_page\/telefonica-produccion-editorial-integral\/\" target=\"\" rel=\"noopener\"><br \/>\n<img decoding=\"async\" width=\"713\" height=\"472\" src=\"http:\/\/localhost\/sitios\/suma360.agencia.2021\/wp-content\/uploads\/2021\/04\/TELEFONICA-EN-LINEA-713x472_01.jpg\" alt=\"\" loading=\"lazy\" srcset=\"http:\/\/localhost\/sitios\/suma360.agencia.2021\/wp-content\/uploads\/2021\/04\/TELEFONICA-EN-LINEA-713x472_01.jpg 713w, http:\/\/localhost\/sitios\/suma360.agencia.2021\/wp-content\/uploads\/2021\/04\/TELEFONICA-EN-LINEA-713x472_01-300x199.jpg 300w, http:\/\/localhost\/sitios\/suma360.agencia.2021\/wp-content\/uploads\/2021\/04\/TELEFONICA-EN-LINEA-713x472_01-700x463.jpg 700w\" sizes=\"auto, (max-width: 713px) 100vw, 713px\">                <\/a><\/p>\n<h5 itemprop=\"name\"><a itemprop=\"url\" href=\"http:\/\/localhost\/sitios\/suma360.agencia.2021\/portfolio_page\/telefonica-produccion-editorial-integral\/\" target=\"_self\" rel=\"noopener\"> Telef\u00f3nica: Producci\u00f3n editorial integral<\/a><\/h5>\n<\/article>\n<article class=\"mix large_width\" style=\"\">\n                <a itemprop=\"url\" class=\"portfolio_link_for_touch\" href=\"http:\/\/localhost\/sitios\/suma360.agencia.2021\/portfolio_page\/microsoft-punto-de-venta\/\" target=\"\" rel=\"noopener\"><br \/>\n<img decoding=\"async\" width=\"713\" height=\"472\" src=\"http:\/\/localhost\/sitios\/suma360.agencia.2021\/wp-content\/uploads\/2021\/04\/MICROSOFT-HARD-713x472_01.jpg\" alt=\"\" loading=\"lazy\" srcset=\"http:\/\/localhost\/sitios\/suma360.agencia.2021\/wp-content\/uploads\/2021\/04\/MICROSOFT-HARD-713x472_01.jpg 713w, http:\/\/localhost\/sitios\/suma360.agencia.2021\/wp-content\/uploads\/2021\/04\/MICROSOFT-HARD-713x472_01-300x199.jpg 300w, http:\/\/localhost\/sitios\/suma360.agencia.2021\/wp-content\/uploads\/2021\/04\/MICROSOFT-HARD-713x472_01-700x463.jpg 700w\" sizes=\"auto, (max-width: 713px) 100vw, 713px\">                <\/a><\/p>\n<h5 itemprop=\"name\"><a itemprop=\"url\" href=\"http:\/\/localhost\/sitios\/suma360.agencia.2021\/portfolio_page\/microsoft-punto-de-venta\/\" target=\"_self\" rel=\"noopener\"> Microsoft: Punto de venta<\/a><\/h5>\n<\/article>\n<article class=\"mix large_width\" style=\"\">\n                <a itemprop=\"url\" class=\"portfolio_link_for_touch\" href=\"http:\/\/localhost\/sitios\/suma360.agencia.2021\/portfolio_page\/hsm-sistema-de-comunicacion\/\" target=\"\" rel=\"noopener\"><br \/>\n<img decoding=\"async\" width=\"713\" height=\"472\" src=\"http:\/\/localhost\/sitios\/suma360.agencia.2021\/wp-content\/uploads\/2021\/04\/HSM-SENTIDOS-713x472_01.jpg\" alt=\"\" loading=\"lazy\" srcset=\"http:\/\/localhost\/sitios\/suma360.agencia.2021\/wp-content\/uploads\/2021\/04\/HSM-SENTIDOS-713x472_01.jpg 713w, http:\/\/localhost\/sitios\/suma360.agencia.2021\/wp-content\/uploads\/2021\/04\/HSM-SENTIDOS-713x472_01-300x199.jpg 300w, http:\/\/localhost\/sitios\/suma360.agencia.2021\/wp-content\/uploads\/2021\/04\/HSM-SENTIDOS-713x472_01-700x463.jpg 700w\" sizes=\"auto, (max-width: 713px) 100vw, 713px\">                <\/a><\/p>\n<h5 itemprop=\"name\"><a itemprop=\"url\" href=\"http:\/\/localhost\/sitios\/suma360.agencia.2021\/portfolio_page\/hsm-sistema-de-comunicacion\/\" target=\"_self\" rel=\"noopener\"> HSM: Sistema de comunicaci\u00f3n<\/a><\/h5>\n<\/article>\n<h2>QUE HACEMOS<\/h2>\n<h4>Elaboramos experiencias que ayudan a nuestros clientes a acercarse a sus objetivos.<\/h4>\n<h5 style=\"font-weight: 700;\">CONSULTOR\u00cdA<\/h5>\n<p style=\"\">Orientamos a nuestros clientes para poder cumplir sus desaf\u00edos comunicacionales. Entendemos sus problem\u00e1ticas y trabajamos sobre la estrategia y diferentes t\u00e1cticas.<\/p>\n<h5 style=\"font-weight: 700;\">BRANDING<\/h5>\n<p style=\"\">Vemos a la marca de un modo estrat\u00e9gico, y nos enfocamos en identificar y aumentar su valor tanto para el cliente como para la organizaci\u00f3n.<\/p>\n<h5 style=\"font-weight: 700;\">CAMPA\u00d1AS<\/h5>\n<p style=\"\">Desarrollamos desde acciones one-shot focalizadas hasta sistemas de comunicaci\u00f3n complejos que integran acciones 360 con m\u00faltiples medios.<\/p>\n<h5 style=\"font-weight: 700;\">ESTRATEGIA DIGITAL<\/h5>\n<p style=\"\">Nuestras acciones y campa\u00f1as \u2013que integran variadas tecnolog\u00edas y dispositivos\u2013 buscan la m\u00e1xima creatividad y, a su vez, est\u00e1n 100% orientadas a obtener resultados.<\/p>\n<h5 style=\"font-weight: 700;\">FIDELIZACI\u00d3N<\/h5>\n<p style=\"\">Asesoramos, desarrollamos e implementamos planes de fidealizaci\u00f3n para diversas audiencias: p\u00fablico interno, canales o clientes finales, entre otros.<\/p>\n<h5 style=\"font-weight: 700;\">CONTENIDO Y DISE\u00d1O<\/h5>\n<p style=\"\">Buscamos entender los diferenciales del negocio para construir mensajes contundentes, mostr\u00e1ndolos de la manera m\u00e1s eficiente, ya sea en una memoria y balance, en un aviso o en una cenefa para un punto de venta.<\/p>\n<h5 style=\"font-weight: 700;\">ACTIVACIONES<\/h5>\n<p style=\"\">Generamos contactos y experiencias entre los clientes y las marcas en espacios y tiempos no convencionales. Partimos de la idea creativa y gestionamos los recursos para estar siempre alineados a la estrategia de comunicaci\u00f3n.<\/p>\n<h5 style=\"font-weight: 700;\">PRODUCCI\u00d3N<\/h5>\n<p style=\"\">Como parte del proceso ofrecemos los servicios de producci\u00f3n, brandeo y distribuci\u00f3n de todo tipo de materiales de comunicaci\u00f3n para ayudar a llevar adelante las t\u00e1cticas definidas.<\/p>\n<h5 style=\"font-weight: 700;\">CONTENIDO Y DISE\u00d1O<\/h5>\n<p style=\"\">Buscamos entender los diferenciales del negocio para construir mensajes contundentes, mostr\u00e1ndolos de la manera m\u00e1s eficiente, ya sea en una memoria y balance, en un aviso o en una cenefa para un punto de venta.<\/p>\n<p>            <a itemprop=\"url\" href=\"void(0)\" target=\"_self\" rel=\"noopener\"><img decoding=\"async\" itemprop=\"image\" src=\"http:\/\/localhost\/sitios\/suma360.agencia.2021\/wp-content\/uploads\/2021\/04\/logo-microsoft-gray.png\" alt=\"\"><img decoding=\"async\" itemprop=\"image\" src=\"http:\/\/localhost\/sitios\/suma360.agencia.2021\/wp-content\/uploads\/2021\/04\/logo-microsoft-rgb.png\" alt=\"\"><\/a><a itemprop=\"url\" href=\"void(0)\" target=\"_self\" rel=\"noopener\"><img decoding=\"async\" itemprop=\"image\" src=\"http:\/\/localhost\/sitios\/suma360.agencia.2021\/wp-content\/uploads\/2021\/04\/logo-telefonica-gray.png\" alt=\"\"><img decoding=\"async\" itemprop=\"image\" src=\"http:\/\/localhost\/sitios\/suma360.agencia.2021\/wp-content\/uploads\/2021\/04\/logo-telefonica-rgb.png\" alt=\"\"><\/a><a itemprop=\"url\" href=\"void(0)\" target=\"_self\" rel=\"noopener\"><img decoding=\"async\" itemprop=\"image\" src=\"http:\/\/localhost\/sitios\/suma360.agencia.2021\/wp-content\/uploads\/2021\/04\/logo-accenture-gray.png\" alt=\"\"><img decoding=\"async\" itemprop=\"image\" src=\"http:\/\/localhost\/sitios\/suma360.agencia.2021\/wp-content\/uploads\/2021\/04\/logo-accenture-rgb.png\" alt=\"\"><\/a><a itemprop=\"url\" href=\"void(0)\" target=\"_self\" rel=\"noopener\"><img decoding=\"async\" itemprop=\"image\" src=\"http:\/\/localhost\/sitios\/suma360.agencia.2021\/wp-content\/uploads\/2021\/04\/logo-maclatam-gray.png\" alt=\"\"><img decoding=\"async\" itemprop=\"image\" src=\"http:\/\/localhost\/sitios\/suma360.agencia.2021\/wp-content\/uploads\/2021\/04\/logo-maclatam-rgb.png\" alt=\"\"><\/a><a itemprop=\"url\" href=\"void(0)\" target=\"_self\" rel=\"noopener\"><img decoding=\"async\" itemprop=\"image\" src=\"http:\/\/localhost\/sitios\/suma360.agencia.2021\/wp-content\/uploads\/2021\/04\/logo-vmware-gray.png\" alt=\"\"><img decoding=\"async\" itemprop=\"image\" src=\"http:\/\/localhost\/sitios\/suma360.agencia.2021\/wp-content\/uploads\/2021\/04\/logo-vmware-rgb.png\" alt=\"\"><\/a><a itemprop=\"url\" href=\"void(0)\" target=\"_self\" rel=\"noopener\"><img decoding=\"async\" itemprop=\"image\" src=\"http:\/\/localhost\/sitios\/suma360.agencia.2021\/wp-content\/uploads\/2021\/04\/logo-givaudan-gray.png\" alt=\"\"><img decoding=\"async\" itemprop=\"image\" src=\"http:\/\/localhost\/sitios\/suma360.agencia.2021\/wp-content\/uploads\/2021\/04\/logo-givaudan-rgb.png\" alt=\"\"><\/a><a itemprop=\"url\" href=\"void(0)\" target=\"_self\" rel=\"noopener\"><img decoding=\"async\" itemprop=\"image\" src=\"http:\/\/localhost\/sitios\/suma360.agencia.2021\/wp-content\/uploads\/2021\/04\/logo-allianz-gray.png\" alt=\"\"><img decoding=\"async\" itemprop=\"image\" src=\"http:\/\/localhost\/sitios\/suma360.agencia.2021\/wp-content\/uploads\/2021\/04\/logo-allianz-rgb.png\" alt=\"\"><\/a><a itemprop=\"url\" href=\"void(0)\" target=\"_self\" rel=\"noopener\"><img decoding=\"async\" itemprop=\"image\" src=\"http:\/\/localhost\/sitios\/suma360.agencia.2021\/wp-content\/uploads\/2021\/04\/logo-deloitte-gray.png\" alt=\"\"><img decoding=\"async\" itemprop=\"image\" src=\"http:\/\/localhost\/sitios\/suma360.agencia.2021\/wp-content\/uploads\/2021\/04\/logo-deloitte-rgb.png\" alt=\"\"><\/a><a itemprop=\"url\" href=\"void(0)\" target=\"_self\" rel=\"noopener\"><img decoding=\"async\" itemprop=\"image\" src=\"http:\/\/localhost\/sitios\/suma360.agencia.2021\/wp-content\/uploads\/2021\/04\/logo-citrix-gray.png\" alt=\"\"><img decoding=\"async\" itemprop=\"image\" src=\"http:\/\/localhost\/sitios\/suma360.agencia.2021\/wp-content\/uploads\/2021\/04\/logo-citrix-rgb.png\" alt=\"\"><\/a><a itemprop=\"url\" href=\"void(0)\" target=\"_self\" rel=\"noopener\"><img decoding=\"async\" itemprop=\"image\" src=\"http:\/\/localhost\/sitios\/suma360.agencia.2021\/wp-content\/uploads\/2021\/04\/logo-intel-gray.png\" alt=\"\"><img decoding=\"async\" itemprop=\"image\" src=\"http:\/\/localhost\/sitios\/suma360.agencia.2021\/wp-content\/uploads\/2021\/04\/logo-intel-rgb.png\" alt=\"\"><\/a><\/p>\n<ul>\n<li><img decoding=\"async\" itemprop=\"image\" src=\"http:\/\/localhost\/sitios\/suma360.agencia.2021\/wp-content\/uploads\/2021\/04\/img-inicio-600x600-P1.jpg\"><\/li>\n<li><img decoding=\"async\" itemprop=\"image\" src=\"http:\/\/localhost\/sitios\/suma360.agencia.2021\/wp-content\/uploads\/2021\/04\/index_600x600-2-1.jpg\"><\/li>\n<li><img decoding=\"async\" itemprop=\"image\" src=\"http:\/\/localhost\/sitios\/suma360.agencia.2021\/wp-content\/uploads\/2021\/04\/img-inicio-600x600-P3.jpg\"><\/li>\n<li><img decoding=\"async\" itemprop=\"image\" src=\"http:\/\/localhost\/sitios\/suma360.agencia.2021\/wp-content\/uploads\/2021\/04\/index_600x600-3-1.jpg\"><\/li>\n<\/ul>\n","protected":false},"excerpt":{"rendered":"<p>BIENVENIDOS A SUMA360 Somos una consultora de marketing y comunicaci\u00f3n 360 con 20 a\u00f1os de experiencia en el mercado. Fuimos creciendo con nuestros clientes a medida que nos propusieron nuevos desaf\u00edos. Nuestra misi\u00f3n es agregar valor a su gesti\u00f3n de marketing. Nos integramos a sus&#8230;<\/p>\n","protected":false},"author":1,"featured_media":0,"parent":0,"menu_order":0,"comment_status":"closed","ping_status":"closed","template":"full_width.php","meta":{"footnotes":""},"class_list":["post-26","page","type-page","status-publish","hentry"],"_links":{"self":[{"href":"http:\/\/suma360.com\/agencia\/wp-json\/wp\/v2\/pages\/26","targetHints":{"allow":["GET"]}}],"collection":[{"href":"http:\/\/suma360.com\/agencia\/wp-json\/wp\/v2\/pages"}],"about":[{"href":"http:\/\/suma360.com\/agencia\/wp-json\/wp\/v2\/types\/page"}],"author":[{"embeddable":true,"href":"http:\/\/suma360.com\/agencia\/wp-json\/wp\/v2\/users\/1"}],"replies":[{"embeddable":true,"href":"http:\/\/suma360.com\/agencia\/wp-json\/wp\/v2\/comments?post=26"}],"version-history":[{"count":230,"href":"http:\/\/suma360.com\/agencia\/wp-json\/wp\/v2\/pages\/26\/revisions"}],"predecessor-version":[{"id":527,"href":"http:\/\/suma360.com\/agencia\/wp-json\/wp\/v2\/pages\/26\/revisions\/527"}],"wp:attachment":[{"href":"http:\/\/suma360.com\/agencia\/wp-json\/wp\/v2\/media?parent=26"}],"curies":[{"name":"wp","href":"https:\/\/api.w.org\/{rel}","templated":true}]}}