{"id":281,"date":"2021-04-27T16:42:51","date_gmt":"2021-04-27T19:42:51","guid":{"rendered":"http:\/\/localhost\/sitios\/suma360.agencia.2021\/?page_id=281"},"modified":"2021-04-29T10:15:49","modified_gmt":"2021-04-29T13:15:49","slug":"consultora","status":"publish","type":"page","link":"http:\/\/suma360.com\/agencia\/consultora\/","title":{"rendered":"Consultora"},"content":{"rendered":"<h2 style=\"text-align: center;\">ASESORAMOS, COMUNICAMOS, POSICIONAMOS<\/h2>\n<h4 style=\"text-align: center;\">Somos una consultora de marketing y comunicaci\u00f3n con <strong>m\u00e1s de 25 a\u00f1os de experiencia en el mercado latinoamericano<\/strong>.<br \/>\nFuimos creciendo con nuestros clientes a medida que nos propusieron nuevos desaf\u00edos.<\/h4>\n<h4 style=\"text-align: center;\"><strong>Nuestra misi\u00f3n es agregar valor a su gesti\u00f3n de marketing.<\/strong><br \/>\nNos integramos como una extensi\u00f3n de sus equipos para el asesoramiento y la ejecuci\u00f3n del d\u00eda a d\u00eda.<\/h4>\n<h4 style=\"text-align: center;\">Con sede central en la Argentina y alianzas estrat\u00e9gicas en la regi\u00f3n, trabajamos con multinacionales y PyMEs<br \/>\nen crecimiento para ayudarla a comunicar, posicionar y vender.<\/h4>\n<h4 style=\"text-align: center;\">Tenemos experiencia de trabajo con compa\u00f1\u00edas diversas, impulsando su <strong>gesti\u00f3n digital y offline<\/strong><br \/>\nde campa\u00f1as, lanzamientos o de eventos.<\/h4>\n<p style=\"text-align: center;\">Ayudamos al cliente a lograr sus objetivos.<\/p>\n<h2>PROCESO DE TRABAJO<\/h2>\n<h4 style=\"text-align: center;\"><strong>Tenemos una mirada 360\u00b0 de la comunicaci\u00f3n:<\/strong> cada \u00e1rea se complementa con la otra para brindar una soluci\u00f3n integral y eficiente.<\/h4>\n<ul>\n<li>\n<h3 style=\"\">01 ESCUCHAR<\/h3>\n<p style=\"\">Nuestro proceso de trabajo comienza comprendiendo la necesidad del cliente.<\/p>\n<\/li>\n<li>\n<h3 style=\"\">02 PROPONER<\/h3>\n<p style=\"\">A partir de entender la problem\u00e1tica proponemos posibles l\u00edneas de trabajo para lograr el objetivo.<\/p>\n<\/li>\n<li>\n<h3 style=\"\">03 CONCEPTUALIZAR<\/h3>\n<p style=\"\">Generamos ideas y conceptos que puedan ser implementados en tiempo y forma y dentro del presupuesto.<\/p>\n<\/li>\n<li>\n<h3 style=\"\">04 CREAR<\/h3>\n<p style=\"\">Trabajamos el mensaje para que pueda ser comunicado seg\u00fan lo planificado.<\/p>\n<\/li>\n<li>\n<h3 style=\"\">05 IMPLEMENTAR<\/h3>\n<p style=\"\">Ejecutamos y medimos los resultados en los canales de comunicaci\u00f3n que se hayan determinado.<\/p>\n<\/li>\n<\/ul>\n<h2>NOS ADAPTAMOS A LAS DISTINTAS NECESIDADES DE TRABAJO DE LOS CLIENTES:<\/h2>\n<p style=\"\">\n<h4>Como parte del <strong>equipo extendido<\/strong> que complementa el \u00e1rea de marketing y comunicaci\u00f3n el cliente.<\/h4>\n<p style=\"\">\n<h4>Como apoyo para la ejecuci\u00f3n de <strong>proyectos espec\u00edficos<\/strong>, que puede comprender una campa\u00f1a de fidelizaci\u00f3n, localizaci\u00f3n de contenido y\/o herramientas digitales, entre otros.<\/h4>\n<p style=\"text-align: center;\">M\u00faltiples audiencias. Diferentes enfoques.<\/p>\n<p>            <a itemprop=\"url\" href=\"void(0)\" target=\"_self\" rel=\"noopener\"><img decoding=\"async\" itemprop=\"image\" src=\"http:\/\/localhost\/sitios\/suma360.agencia.2021\/wp-content\/uploads\/2021\/04\/logo-microsoft-gray.png\" alt=\"\"><img decoding=\"async\" itemprop=\"image\" src=\"http:\/\/localhost\/sitios\/suma360.agencia.2021\/wp-content\/uploads\/2021\/04\/logo-microsoft-rgb.png\" alt=\"\"><\/a><a itemprop=\"url\" href=\"void(0)\" target=\"_self\" rel=\"noopener\"><img decoding=\"async\" itemprop=\"image\" src=\"http:\/\/localhost\/sitios\/suma360.agencia.2021\/wp-content\/uploads\/2021\/04\/logo-telefonica-gray.png\" alt=\"\"><img decoding=\"async\" itemprop=\"image\" src=\"http:\/\/localhost\/sitios\/suma360.agencia.2021\/wp-content\/uploads\/2021\/04\/logo-telefonica-rgb.png\" alt=\"\"><\/a><a itemprop=\"url\" href=\"void(0)\" target=\"_self\" rel=\"noopener\"><img decoding=\"async\" itemprop=\"image\" src=\"http:\/\/localhost\/sitios\/suma360.agencia.2021\/wp-content\/uploads\/2021\/04\/logo-accenture-gray.png\" alt=\"\"><img decoding=\"async\" itemprop=\"image\" src=\"http:\/\/localhost\/sitios\/suma360.agencia.2021\/wp-content\/uploads\/2021\/04\/logo-accenture-rgb.png\" alt=\"\"><\/a><a itemprop=\"url\" href=\"void(0)\" target=\"_self\" rel=\"noopener\"><img decoding=\"async\" itemprop=\"image\" src=\"http:\/\/localhost\/sitios\/suma360.agencia.2021\/wp-content\/uploads\/2021\/04\/logo-maclatam-gray.png\" alt=\"\"><img decoding=\"async\" itemprop=\"image\" src=\"http:\/\/localhost\/sitios\/suma360.agencia.2021\/wp-content\/uploads\/2021\/04\/logo-maclatam-rgb.png\" alt=\"\"><\/a><a itemprop=\"url\" href=\"void(0)\" target=\"_self\" rel=\"noopener\"><img decoding=\"async\" itemprop=\"image\" src=\"http:\/\/localhost\/sitios\/suma360.agencia.2021\/wp-content\/uploads\/2021\/04\/logo-vmware-gray.png\" alt=\"\"><img decoding=\"async\" itemprop=\"image\" src=\"http:\/\/localhost\/sitios\/suma360.agencia.2021\/wp-content\/uploads\/2021\/04\/logo-vmware-rgb.png\" alt=\"\"><\/a><a itemprop=\"url\" href=\"void(0)\" target=\"_self\" rel=\"noopener\"><img decoding=\"async\" itemprop=\"image\" src=\"http:\/\/localhost\/sitios\/suma360.agencia.2021\/wp-content\/uploads\/2021\/04\/logo-givaudan-gray.png\" alt=\"\"><img decoding=\"async\" itemprop=\"image\" src=\"http:\/\/localhost\/sitios\/suma360.agencia.2021\/wp-content\/uploads\/2021\/04\/logo-givaudan-rgb.png\" alt=\"\"><\/a><a itemprop=\"url\" href=\"void(0)\" target=\"_self\" rel=\"noopener\"><img decoding=\"async\" itemprop=\"image\" src=\"http:\/\/localhost\/sitios\/suma360.agencia.2021\/wp-content\/uploads\/2021\/04\/logo-allianz-gray.png\" alt=\"\"><img decoding=\"async\" itemprop=\"image\" src=\"http:\/\/localhost\/sitios\/suma360.agencia.2021\/wp-content\/uploads\/2021\/04\/logo-allianz-rgb.png\" alt=\"\"><\/a><a itemprop=\"url\" href=\"void(0)\" target=\"_self\" rel=\"noopener\"><img decoding=\"async\" itemprop=\"image\" src=\"http:\/\/localhost\/sitios\/suma360.agencia.2021\/wp-content\/uploads\/2021\/04\/logo-deloitte-gray.png\" alt=\"\"><img decoding=\"async\" itemprop=\"image\" src=\"http:\/\/localhost\/sitios\/suma360.agencia.2021\/wp-content\/uploads\/2021\/04\/logo-deloitte-rgb.png\" alt=\"\"><\/a><a itemprop=\"url\" href=\"void(0)\" target=\"_self\" rel=\"noopener\"><img decoding=\"async\" itemprop=\"image\" src=\"http:\/\/localhost\/sitios\/suma360.agencia.2021\/wp-content\/uploads\/2021\/04\/logo-citrix-gray.png\" alt=\"\"><img decoding=\"async\" itemprop=\"image\" src=\"http:\/\/localhost\/sitios\/suma360.agencia.2021\/wp-content\/uploads\/2021\/04\/logo-citrix-rgb.png\" alt=\"\"><\/a><a itemprop=\"url\" href=\"void(0)\" target=\"_self\" rel=\"noopener\"><img decoding=\"async\" itemprop=\"image\" src=\"http:\/\/localhost\/sitios\/suma360.agencia.2021\/wp-content\/uploads\/2021\/04\/logo-intel-gray.png\" alt=\"\"><img decoding=\"async\" itemprop=\"image\" src=\"http:\/\/localhost\/sitios\/suma360.agencia.2021\/wp-content\/uploads\/2021\/04\/logo-intel-rgb.png\" alt=\"\"><\/a><\/p>\n","protected":false},"excerpt":{"rendered":"<p>ASESORAMOS, COMUNICAMOS, POSICIONAMOS Somos una consultora de marketing y comunicaci\u00f3n con m\u00e1s de 25 a\u00f1os de experiencia en el mercado latinoamericano. Fuimos creciendo con nuestros clientes a medida que nos propusieron nuevos desaf\u00edos. Nuestra misi\u00f3n es agregar valor a su gesti\u00f3n de marketing. Nos integramos&#8230;<\/p>\n","protected":false},"author":1,"featured_media":0,"parent":0,"menu_order":0,"comment_status":"closed","ping_status":"closed","template":"full_width.php","meta":{"footnotes":""},"class_list":["post-281","page","type-page","status-publish","hentry"],"_links":{"self":[{"href":"http:\/\/suma360.com\/agencia\/wp-json\/wp\/v2\/pages\/281","targetHints":{"allow":["GET"]}}],"collection":[{"href":"http:\/\/suma360.com\/agencia\/wp-json\/wp\/v2\/pages"}],"about":[{"href":"http:\/\/suma360.com\/agencia\/wp-json\/wp\/v2\/types\/page"}],"author":[{"embeddable":true,"href":"http:\/\/suma360.com\/agencia\/wp-json\/wp\/v2\/users\/1"}],"replies":[{"embeddable":true,"href":"http:\/\/suma360.com\/agencia\/wp-json\/wp\/v2\/comments?post=281"}],"version-history":[{"count":48,"href":"http:\/\/suma360.com\/agencia\/wp-json\/wp\/v2\/pages\/281\/revisions"}],"predecessor-version":[{"id":534,"href":"http:\/\/suma360.com\/agencia\/wp-json\/wp\/v2\/pages\/281\/revisions\/534"}],"wp:attachment":[{"href":"http:\/\/suma360.com\/agencia\/wp-json\/wp\/v2\/media?parent=281"}],"curies":[{"name":"wp","href":"https:\/\/api.w.org\/{rel}","templated":true}]}}