{"id":435,"date":"2021-04-28T11:02:00","date_gmt":"2021-04-28T14:02:00","guid":{"rendered":"http:\/\/localhost\/sitios\/suma360.agencia.2021\/?page_id=435"},"modified":"2021-04-28T17:40:52","modified_gmt":"2021-04-28T20:40:52","slug":"casos","status":"publish","type":"page","link":"http:\/\/suma360.com\/agencia\/casos\/","title":{"rendered":"Casos"},"content":{"rendered":"<ul>\n<li class=\"filter\" data-filter=\"all\">                        All<\/li>\n<\/ul>\n<article class=\"mix large_width\" style=\"\">\n                <a itemprop=\"url\" class=\"portfolio_link_for_touch\" href=\"http:\/\/localhost\/sitios\/suma360.agencia.2021\/portfolio_page\/universidad-de-san-andres-plan-de-comunicacion\/\" target=\"\" rel=\"noopener\"><br \/>\n<img decoding=\"async\" width=\"713\" height=\"472\" src=\"http:\/\/localhost\/sitios\/suma360.agencia.2021\/wp-content\/uploads\/2021\/04\/SA-MAGAZINE-713x472_01.jpg\" alt=\"\" loading=\"lazy\" srcset=\"http:\/\/localhost\/sitios\/suma360.agencia.2021\/wp-content\/uploads\/2021\/04\/SA-MAGAZINE-713x472_01.jpg 713w, http:\/\/localhost\/sitios\/suma360.agencia.2021\/wp-content\/uploads\/2021\/04\/SA-MAGAZINE-713x472_01-300x199.jpg 300w, http:\/\/localhost\/sitios\/suma360.agencia.2021\/wp-content\/uploads\/2021\/04\/SA-MAGAZINE-713x472_01-700x463.jpg 700w\" sizes=\"auto, (max-width: 713px) 100vw, 713px\">                <\/a><br \/>\n&#8216;;<br \/>\n<a itemprop=\"url\" class=\"preview qbutton small white\" href=\"http:\/\/localhost\/sitios\/suma360.agencia.2021\/portfolio_page\/universidad-de-san-andres-plan-de-comunicacion\/\" target=\"_self\" rel=\"noopener\">view<\/a><\/p>\n<h5 itemprop=\"name\"><a itemprop=\"url\" href=\"http:\/\/localhost\/sitios\/suma360.agencia.2021\/portfolio_page\/universidad-de-san-andres-plan-de-comunicacion\/\" target=\"_self\" rel=\"noopener\"> Universidad de San Andr\u00e9s: Plan de Comunicaci\u00f3n<\/a><\/h5>\n<\/article>\n<article class=\"mix large_width\" style=\"\">\n                <a itemprop=\"url\" class=\"portfolio_link_for_touch\" href=\"http:\/\/localhost\/sitios\/suma360.agencia.2021\/portfolio_page\/microsoft-lanzamiento-de-producto\/\" target=\"\" rel=\"noopener\"><br \/>\n<img decoding=\"async\" width=\"713\" height=\"472\" src=\"http:\/\/localhost\/sitios\/suma360.agencia.2021\/wp-content\/uploads\/2021\/04\/MICROSOFT-LANZAMIENTO-713x472_01.jpg\" alt=\"\" loading=\"lazy\" srcset=\"http:\/\/localhost\/sitios\/suma360.agencia.2021\/wp-content\/uploads\/2021\/04\/MICROSOFT-LANZAMIENTO-713x472_01.jpg 713w, http:\/\/localhost\/sitios\/suma360.agencia.2021\/wp-content\/uploads\/2021\/04\/MICROSOFT-LANZAMIENTO-713x472_01-300x199.jpg 300w, http:\/\/localhost\/sitios\/suma360.agencia.2021\/wp-content\/uploads\/2021\/04\/MICROSOFT-LANZAMIENTO-713x472_01-700x463.jpg 700w\" sizes=\"auto, (max-width: 713px) 100vw, 713px\">                <\/a><br \/>\n&#8216;;<br \/>\n<a itemprop=\"url\" class=\"preview qbutton small white\" href=\"http:\/\/localhost\/sitios\/suma360.agencia.2021\/portfolio_page\/microsoft-lanzamiento-de-producto\/\" target=\"_self\" rel=\"noopener\">view<\/a><\/p>\n<h5 itemprop=\"name\"><a itemprop=\"url\" href=\"http:\/\/localhost\/sitios\/suma360.agencia.2021\/portfolio_page\/microsoft-lanzamiento-de-producto\/\" target=\"_self\" rel=\"noopener\"> Microsoft: Lanzamiento de producto<\/a><\/h5>\n<\/article>\n<article class=\"mix large_width\" style=\"\">\n                <a itemprop=\"url\" class=\"portfolio_link_for_touch\" href=\"http:\/\/localhost\/sitios\/suma360.agencia.2021\/portfolio_page\/yell-diseno-y-contenidos\/\" target=\"\" rel=\"noopener\"><br \/>\n<img decoding=\"async\" width=\"713\" height=\"472\" src=\"http:\/\/localhost\/sitios\/suma360.agencia.2021\/wp-content\/uploads\/2021\/04\/YELL-DISENO-713x472_03.jpg\" alt=\"\" loading=\"lazy\" srcset=\"http:\/\/localhost\/sitios\/suma360.agencia.2021\/wp-content\/uploads\/2021\/04\/YELL-DISENO-713x472_03.jpg 713w, http:\/\/localhost\/sitios\/suma360.agencia.2021\/wp-content\/uploads\/2021\/04\/YELL-DISENO-713x472_03-300x199.jpg 300w, http:\/\/localhost\/sitios\/suma360.agencia.2021\/wp-content\/uploads\/2021\/04\/YELL-DISENO-713x472_03-700x463.jpg 700w\" sizes=\"auto, (max-width: 713px) 100vw, 713px\">                <\/a><br \/>\n&#8216;;<br \/>\n<a itemprop=\"url\" class=\"preview qbutton small white\" href=\"http:\/\/localhost\/sitios\/suma360.agencia.2021\/portfolio_page\/yell-diseno-y-contenidos\/\" target=\"_self\" rel=\"noopener\">view<\/a><\/p>\n<h5 itemprop=\"name\"><a itemprop=\"url\" href=\"http:\/\/localhost\/sitios\/suma360.agencia.2021\/portfolio_page\/yell-diseno-y-contenidos\/\" target=\"_self\" rel=\"noopener\"> Yell: Dise\u00f1o y contenidos<\/a><\/h5>\n<\/article>\n<article class=\"mix large_width\" style=\"\">\n                <a itemprop=\"url\" class=\"portfolio_link_for_touch\" href=\"http:\/\/localhost\/sitios\/suma360.agencia.2021\/portfolio_page\/allianz-activacion-en-ferias\/\" target=\"\" rel=\"noopener\"><br \/>\n<img decoding=\"async\" width=\"713\" height=\"472\" src=\"http:\/\/localhost\/sitios\/suma360.agencia.2021\/wp-content\/uploads\/2021\/04\/ALLIANZ-ACTIVACION-713x472_02.jpg\" alt=\"\" loading=\"lazy\" srcset=\"http:\/\/localhost\/sitios\/suma360.agencia.2021\/wp-content\/uploads\/2021\/04\/ALLIANZ-ACTIVACION-713x472_02.jpg 713w, http:\/\/localhost\/sitios\/suma360.agencia.2021\/wp-content\/uploads\/2021\/04\/ALLIANZ-ACTIVACION-713x472_02-300x199.jpg 300w, http:\/\/localhost\/sitios\/suma360.agencia.2021\/wp-content\/uploads\/2021\/04\/ALLIANZ-ACTIVACION-713x472_02-700x463.jpg 700w\" sizes=\"auto, (max-width: 713px) 100vw, 713px\">                <\/a><br \/>\n&#8216;;<br \/>\n<a itemprop=\"url\" class=\"preview qbutton small white\" href=\"http:\/\/localhost\/sitios\/suma360.agencia.2021\/portfolio_page\/allianz-activacion-en-ferias\/\" target=\"_self\" rel=\"noopener\">view<\/a><\/p>\n<h5 itemprop=\"name\"><a itemprop=\"url\" href=\"http:\/\/localhost\/sitios\/suma360.agencia.2021\/portfolio_page\/allianz-activacion-en-ferias\/\" target=\"_self\" rel=\"noopener\"> Allianz: Activaci\u00f3n en ferias<\/a><\/h5>\n<\/article>\n<article class=\"mix large_width\" style=\"\">\n                <a itemprop=\"url\" class=\"portfolio_link_for_touch\" href=\"http:\/\/localhost\/sitios\/suma360.agencia.2021\/portfolio_page\/gestion-diseno-y-produccion\/\" target=\"\" rel=\"noopener\"><br \/>\n<img decoding=\"async\" width=\"713\" height=\"472\" src=\"http:\/\/localhost\/sitios\/suma360.agencia.2021\/wp-content\/uploads\/2021\/04\/GESTION-PRODUCCION-713x472_01.jpg\" alt=\"\" loading=\"lazy\" srcset=\"http:\/\/localhost\/sitios\/suma360.agencia.2021\/wp-content\/uploads\/2021\/04\/GESTION-PRODUCCION-713x472_01.jpg 713w, http:\/\/localhost\/sitios\/suma360.agencia.2021\/wp-content\/uploads\/2021\/04\/GESTION-PRODUCCION-713x472_01-300x199.jpg 300w, http:\/\/localhost\/sitios\/suma360.agencia.2021\/wp-content\/uploads\/2021\/04\/GESTION-PRODUCCION-713x472_01-700x463.jpg 700w\" sizes=\"auto, (max-width: 713px) 100vw, 713px\">                <\/a><br \/>\n&#8216;;<br \/>\n<a itemprop=\"url\" class=\"preview qbutton small white\" href=\"http:\/\/localhost\/sitios\/suma360.agencia.2021\/portfolio_page\/gestion-diseno-y-produccion\/\" target=\"_self\" rel=\"noopener\">view<\/a><\/p>\n<h5 itemprop=\"name\"><a itemprop=\"url\" href=\"http:\/\/localhost\/sitios\/suma360.agencia.2021\/portfolio_page\/gestion-diseno-y-produccion\/\" target=\"_self\" rel=\"noopener\"> Gesti\u00f3n: Dise\u00f1o y producci\u00f3n<\/a><\/h5>\n<\/article>\n<article class=\"mix large_width\" style=\"\">\n                <a itemprop=\"url\" class=\"portfolio_link_for_touch\" href=\"http:\/\/localhost\/sitios\/suma360.agencia.2021\/portfolio_page\/adecco-campana-integral-de-comunicacion\/\" target=\"\" rel=\"noopener\"><br \/>\n<img decoding=\"async\" width=\"713\" height=\"472\" src=\"http:\/\/localhost\/sitios\/suma360.agencia.2021\/wp-content\/uploads\/2021\/04\/ADECCO-CAMPANA-713x472_01.jpg\" alt=\"\" loading=\"lazy\" srcset=\"http:\/\/localhost\/sitios\/suma360.agencia.2021\/wp-content\/uploads\/2021\/04\/ADECCO-CAMPANA-713x472_01.jpg 713w, http:\/\/localhost\/sitios\/suma360.agencia.2021\/wp-content\/uploads\/2021\/04\/ADECCO-CAMPANA-713x472_01-300x199.jpg 300w, http:\/\/localhost\/sitios\/suma360.agencia.2021\/wp-content\/uploads\/2021\/04\/ADECCO-CAMPANA-713x472_01-700x463.jpg 700w\" sizes=\"auto, (max-width: 713px) 100vw, 713px\">                <\/a><br \/>\n&#8216;;<br \/>\n<a itemprop=\"url\" class=\"preview qbutton small white\" href=\"http:\/\/localhost\/sitios\/suma360.agencia.2021\/portfolio_page\/adecco-campana-integral-de-comunicacion\/\" target=\"_self\" rel=\"noopener\">view<\/a><\/p>\n<h5 itemprop=\"name\"><a itemprop=\"url\" href=\"http:\/\/localhost\/sitios\/suma360.agencia.2021\/portfolio_page\/adecco-campana-integral-de-comunicacion\/\" target=\"_self\" rel=\"noopener\"> Adecco: Campa\u00f1a integral de comunicaci\u00f3n<\/a><\/h5>\n<\/article>\n<article class=\"mix large_width\" style=\"\">\n                <a itemprop=\"url\" class=\"portfolio_link_for_touch\" href=\"http:\/\/localhost\/sitios\/suma360.agencia.2021\/portfolio_page\/citrix-evento-lanzamiento\/\" target=\"\" rel=\"noopener\"><br \/>\n<img decoding=\"async\" width=\"713\" height=\"472\" src=\"http:\/\/localhost\/sitios\/suma360.agencia.2021\/wp-content\/uploads\/2021\/04\/CITRIX-LANZAMIENTO-713x472_04.jpg\" alt=\"\" loading=\"lazy\" srcset=\"http:\/\/localhost\/sitios\/suma360.agencia.2021\/wp-content\/uploads\/2021\/04\/CITRIX-LANZAMIENTO-713x472_04.jpg 713w, http:\/\/localhost\/sitios\/suma360.agencia.2021\/wp-content\/uploads\/2021\/04\/CITRIX-LANZAMIENTO-713x472_04-300x199.jpg 300w, http:\/\/localhost\/sitios\/suma360.agencia.2021\/wp-content\/uploads\/2021\/04\/CITRIX-LANZAMIENTO-713x472_04-700x463.jpg 700w\" sizes=\"auto, (max-width: 713px) 100vw, 713px\">                <\/a><br \/>\n&#8216;;<br \/>\n<a itemprop=\"url\" class=\"preview qbutton small white\" href=\"http:\/\/localhost\/sitios\/suma360.agencia.2021\/portfolio_page\/citrix-evento-lanzamiento\/\" target=\"_self\" rel=\"noopener\">view<\/a><\/p>\n<h5 itemprop=\"name\"><a itemprop=\"url\" href=\"http:\/\/localhost\/sitios\/suma360.agencia.2021\/portfolio_page\/citrix-evento-lanzamiento\/\" target=\"_self\" rel=\"noopener\"> Citrix: Evento lanzamiento<\/a><\/h5>\n<\/article>\n<article class=\"mix large_width\" style=\"\">\n                <a itemprop=\"url\" class=\"portfolio_link_for_touch\" href=\"http:\/\/localhost\/sitios\/suma360.agencia.2021\/portfolio_page\/allianz-campana-360\/\" target=\"\" rel=\"noopener\"><br \/>\n<img decoding=\"async\" width=\"713\" height=\"472\" src=\"http:\/\/localhost\/sitios\/suma360.agencia.2021\/wp-content\/uploads\/2021\/04\/ALLIANZ-CAMPANA360-713x472_01.jpg\" alt=\"\" loading=\"lazy\" srcset=\"http:\/\/localhost\/sitios\/suma360.agencia.2021\/wp-content\/uploads\/2021\/04\/ALLIANZ-CAMPANA360-713x472_01.jpg 713w, http:\/\/localhost\/sitios\/suma360.agencia.2021\/wp-content\/uploads\/2021\/04\/ALLIANZ-CAMPANA360-713x472_01-300x199.jpg 300w, http:\/\/localhost\/sitios\/suma360.agencia.2021\/wp-content\/uploads\/2021\/04\/ALLIANZ-CAMPANA360-713x472_01-700x463.jpg 700w\" sizes=\"auto, (max-width: 713px) 100vw, 713px\">                <\/a><br \/>\n&#8216;;<br \/>\n<a itemprop=\"url\" class=\"preview qbutton small white\" href=\"http:\/\/localhost\/sitios\/suma360.agencia.2021\/portfolio_page\/allianz-campana-360\/\" target=\"_self\" rel=\"noopener\">view<\/a><\/p>\n<h5 itemprop=\"name\"><a itemprop=\"url\" href=\"http:\/\/localhost\/sitios\/suma360.agencia.2021\/portfolio_page\/allianz-campana-360\/\" target=\"_self\" rel=\"noopener\"> Allianz: Campa\u00f1a 360<\/a><\/h5>\n<\/article>\n<article class=\"mix large_width\" style=\"\">\n                <a itemprop=\"url\" class=\"portfolio_link_for_touch\" href=\"http:\/\/localhost\/sitios\/suma360.agencia.2021\/portfolio_page\/hsm-sistema-de-comunicacion\/\" target=\"\" rel=\"noopener\"><br \/>\n<img decoding=\"async\" width=\"713\" height=\"472\" src=\"http:\/\/localhost\/sitios\/suma360.agencia.2021\/wp-content\/uploads\/2021\/04\/HSM-SENTIDOS-713x472_01.jpg\" alt=\"\" loading=\"lazy\" srcset=\"http:\/\/localhost\/sitios\/suma360.agencia.2021\/wp-content\/uploads\/2021\/04\/HSM-SENTIDOS-713x472_01.jpg 713w, http:\/\/localhost\/sitios\/suma360.agencia.2021\/wp-content\/uploads\/2021\/04\/HSM-SENTIDOS-713x472_01-300x199.jpg 300w, http:\/\/localhost\/sitios\/suma360.agencia.2021\/wp-content\/uploads\/2021\/04\/HSM-SENTIDOS-713x472_01-700x463.jpg 700w\" sizes=\"auto, (max-width: 713px) 100vw, 713px\">                <\/a><br \/>\n&#8216;;<br \/>\n<a itemprop=\"url\" class=\"preview qbutton small white\" href=\"http:\/\/localhost\/sitios\/suma360.agencia.2021\/portfolio_page\/hsm-sistema-de-comunicacion\/\" target=\"_self\" rel=\"noopener\">view<\/a><\/p>\n<h5 itemprop=\"name\"><a itemprop=\"url\" href=\"http:\/\/localhost\/sitios\/suma360.agencia.2021\/portfolio_page\/hsm-sistema-de-comunicacion\/\" target=\"_self\" rel=\"noopener\"> HSM: Sistema de comunicaci\u00f3n<\/a><\/h5>\n<\/article>\n<article class=\"mix large_width\" style=\"\">\n                <a itemprop=\"url\" class=\"portfolio_link_for_touch\" href=\"http:\/\/localhost\/sitios\/suma360.agencia.2021\/portfolio_page\/microsoft-punto-de-venta\/\" target=\"\" rel=\"noopener\"><br \/>\n<img decoding=\"async\" width=\"713\" height=\"472\" src=\"http:\/\/localhost\/sitios\/suma360.agencia.2021\/wp-content\/uploads\/2021\/04\/MICROSOFT-HARD-713x472_01.jpg\" alt=\"\" loading=\"lazy\" srcset=\"http:\/\/localhost\/sitios\/suma360.agencia.2021\/wp-content\/uploads\/2021\/04\/MICROSOFT-HARD-713x472_01.jpg 713w, http:\/\/localhost\/sitios\/suma360.agencia.2021\/wp-content\/uploads\/2021\/04\/MICROSOFT-HARD-713x472_01-300x199.jpg 300w, http:\/\/localhost\/sitios\/suma360.agencia.2021\/wp-content\/uploads\/2021\/04\/MICROSOFT-HARD-713x472_01-700x463.jpg 700w\" sizes=\"auto, (max-width: 713px) 100vw, 713px\">                <\/a><br \/>\n&#8216;;<br \/>\n<a itemprop=\"url\" class=\"preview qbutton small white\" href=\"http:\/\/localhost\/sitios\/suma360.agencia.2021\/portfolio_page\/microsoft-punto-de-venta\/\" target=\"_self\" rel=\"noopener\">view<\/a><\/p>\n<h5 itemprop=\"name\"><a itemprop=\"url\" href=\"http:\/\/localhost\/sitios\/suma360.agencia.2021\/portfolio_page\/microsoft-punto-de-venta\/\" target=\"_self\" rel=\"noopener\"> Microsoft: Punto de venta<\/a><\/h5>\n<\/article>\n<article class=\"mix large_width\" style=\"\">\n                <a itemprop=\"url\" class=\"portfolio_link_for_touch\" href=\"http:\/\/localhost\/sitios\/suma360.agencia.2021\/portfolio_page\/telefonica-produccion-editorial-integral\/\" target=\"\" rel=\"noopener\"><br \/>\n<img decoding=\"async\" width=\"713\" height=\"472\" src=\"http:\/\/localhost\/sitios\/suma360.agencia.2021\/wp-content\/uploads\/2021\/04\/TELEFONICA-EN-LINEA-713x472_01.jpg\" alt=\"\" loading=\"lazy\" srcset=\"http:\/\/localhost\/sitios\/suma360.agencia.2021\/wp-content\/uploads\/2021\/04\/TELEFONICA-EN-LINEA-713x472_01.jpg 713w, http:\/\/localhost\/sitios\/suma360.agencia.2021\/wp-content\/uploads\/2021\/04\/TELEFONICA-EN-LINEA-713x472_01-300x199.jpg 300w, http:\/\/localhost\/sitios\/suma360.agencia.2021\/wp-content\/uploads\/2021\/04\/TELEFONICA-EN-LINEA-713x472_01-700x463.jpg 700w\" sizes=\"auto, (max-width: 713px) 100vw, 713px\">                <\/a><br \/>\n&#8216;;<br \/>\n<a itemprop=\"url\" class=\"preview qbutton small white\" href=\"http:\/\/localhost\/sitios\/suma360.agencia.2021\/portfolio_page\/telefonica-produccion-editorial-integral\/\" target=\"_self\" rel=\"noopener\">view<\/a><\/p>\n<h5 itemprop=\"name\"><a itemprop=\"url\" href=\"http:\/\/localhost\/sitios\/suma360.agencia.2021\/portfolio_page\/telefonica-produccion-editorial-integral\/\" target=\"_self\" rel=\"noopener\"> Telef\u00f3nica: Producci\u00f3n editorial integral<\/a><\/h5>\n<\/article>\n","protected":false},"excerpt":{"rendered":"<p>All &#8216;; view Universidad de San Andr\u00e9s: Plan de Comunicaci\u00f3n &#8216;; view Microsoft: Lanzamiento de producto &#8216;; view Yell: Dise\u00f1o y contenidos &#8216;; view Allianz: Activaci\u00f3n en ferias &#8216;; view Gesti\u00f3n: Dise\u00f1o y producci\u00f3n &#8216;; view Adecco: Campa\u00f1a integral de comunicaci\u00f3n &#8216;; view Citrix: Evento&#8230;<\/p>\n","protected":false},"author":1,"featured_media":0,"parent":0,"menu_order":0,"comment_status":"closed","ping_status":"closed","template":"","meta":{"footnotes":""},"class_list":["post-435","page","type-page","status-publish","hentry"],"_links":{"self":[{"href":"http:\/\/suma360.com\/agencia\/wp-json\/wp\/v2\/pages\/435","targetHints":{"allow":["GET"]}}],"collection":[{"href":"http:\/\/suma360.com\/agencia\/wp-json\/wp\/v2\/pages"}],"about":[{"href":"http:\/\/suma360.com\/agencia\/wp-json\/wp\/v2\/types\/page"}],"author":[{"embeddable":true,"href":"http:\/\/suma360.com\/agencia\/wp-json\/wp\/v2\/users\/1"}],"replies":[{"embeddable":true,"href":"http:\/\/suma360.com\/agencia\/wp-json\/wp\/v2\/comments?post=435"}],"version-history":[{"count":36,"href":"http:\/\/suma360.com\/agencia\/wp-json\/wp\/v2\/pages\/435\/revisions"}],"predecessor-version":[{"id":538,"href":"http:\/\/suma360.com\/agencia\/wp-json\/wp\/v2\/pages\/435\/revisions\/538"}],"wp:attachment":[{"href":"http:\/\/suma360.com\/agencia\/wp-json\/wp\/v2\/media?parent=435"}],"curies":[{"name":"wp","href":"https:\/\/api.w.org\/{rel}","templated":true}]}}