{"id":482,"date":"2021-04-28T14:10:48","date_gmt":"2021-04-28T17:10:48","guid":{"rendered":"http:\/\/localhost\/sitios\/suma360.agencia.2021\/?page_id=482"},"modified":"2021-04-29T12:20:21","modified_gmt":"2021-04-29T15:20:21","slug":"contacto","status":"publish","type":"page","link":"http:\/\/suma360.com\/agencia\/contacto\/","title":{"rendered":"Contacto"},"content":{"rendered":"<h2>\u00bfEN QU\u00c9 PODEMOS AYUDARLO?<\/h2>\n<h4>D\u00e9jenos su consulta:<\/h4>\n<h3>D\u00d3NDE ESTAMOS?<\/h3>\n<p><strong>Buenos Aires<\/strong><\/p>\n<p>Azopardo 770, office 1610<br \/>\nQuartier Madero Urbano<br \/>\n+54 011 3220-1587<\/p>\n<p><a href=\"mailto:info@suma360.com\">info@suma360.com<\/a><\/p>\n<p><strong>Miami<\/strong><\/p>\n<p>7950 NW 53rd Street, Suite 337<\/p>\n<p>(786) 871-6076<\/p>\n<p><a href=\"https:\/\/twitter.com\/\" target=\"_blank\" rel=\"noopener\"><br \/>\nTwitter<br \/>\n<\/a><br \/>\n<a href=\"https:\/\/www.facebook.com\/\" target=\"_blank\" rel=\"noopener\"><br \/>\nFacebook<br \/>\n<\/a><br \/>\n<a href=\"https:\/\/linkedin.com\/\" target=\"_blank\" rel=\"noopener\"><br \/>\nLinkedin<br \/>\n<\/a><\/p>\n<p><strong>Empleo<\/strong><\/p>\n<p>Si est\u00e1s buscando trabajo fijo o freelance<br \/>\ncont\u00e1ctanos solo por correo electr\u00f3nico.<\/p>\n<p>No olvides adjuntar tu&nbsp;<strong>CV<\/strong><br \/>\n<em>(PDF, tama\u00f1o m\u00e1ximo 5MB)<\/em><\/p>\n<p><strong><a href=\"mailto:rrhh@suma360.com\">rrhh@suma360.com<\/a><\/strong><\/p>\n<h5>CONTACTO<\/h5>\n\n<div class=\"wpcf7 no-js\" id=\"wpcf7-f551-o1\" lang=\"es-ES\" dir=\"ltr\" data-wpcf7-id=\"551\">\n<div class=\"screen-reader-response\"><p role=\"status\" aria-live=\"polite\" aria-atomic=\"true\"><\/p> <ul><\/ul><\/div>\n<form action=\"\/agencia\/wp-json\/wp\/v2\/pages\/482#wpcf7-f551-o1\" method=\"post\" class=\"wpcf7-form init\" aria-label=\"Formulario de contacto\" novalidate=\"novalidate\" data-status=\"init\">\n<div style=\"display: none;\">\n<input type=\"hidden\" name=\"_wpcf7\" value=\"551\" \/>\n<input type=\"hidden\" name=\"_wpcf7_version\" value=\"6.0.6\" \/>\n<input type=\"hidden\" name=\"_wpcf7_locale\" value=\"es_ES\" \/>\n<input type=\"hidden\" name=\"_wpcf7_unit_tag\" value=\"wpcf7-f551-o1\" \/>\n<input type=\"hidden\" name=\"_wpcf7_container_post\" value=\"0\" \/>\n<input type=\"hidden\" name=\"_wpcf7_posted_data_hash\" value=\"\" \/>\n<\/div>\n<p><label> Nombre (obligatorio)<br \/>\n<span class=\"wpcf7-form-control-wrap\" data-name=\"your-name\"><input size=\"40\" maxlength=\"400\" class=\"wpcf7-form-control wpcf7-text wpcf7-validates-as-required\" aria-required=\"true\" aria-invalid=\"false\" value=\"\" type=\"text\" name=\"your-name\" \/><\/span> <\/label>\n<\/p>\n<p><label> Apellido (obligatorio)<br \/>\n<span class=\"wpcf7-form-control-wrap\" data-name=\"your-last-name\"><input size=\"40\" maxlength=\"400\" class=\"wpcf7-form-control wpcf7-text wpcf7-validates-as-required\" aria-required=\"true\" aria-invalid=\"false\" value=\"\" type=\"text\" name=\"your-last-name\" \/><\/span> <\/label>\n<\/p>\n<p><label> Correo electr\u00f3nico (obligatorio)<br \/>\n<span class=\"wpcf7-form-control-wrap\" data-name=\"your-email\"><input size=\"40\" maxlength=\"400\" class=\"wpcf7-form-control wpcf7-email wpcf7-validates-as-required wpcf7-text wpcf7-validates-as-email\" aria-required=\"true\" aria-invalid=\"false\" value=\"\" type=\"email\" name=\"your-email\" \/><\/span> <\/label>\n<\/p>\n<p><label> Tel\u00e9fono<br \/>\n<span class=\"wpcf7-form-control-wrap\" data-name=\"your-phone\"><input size=\"40\" maxlength=\"400\" class=\"wpcf7-form-control wpcf7-text\" aria-invalid=\"false\" value=\"\" type=\"text\" name=\"your-phone\" \/><\/span> <\/label>\n<\/p>\n<p><label> Pa\u00eds<br \/>\n<span class=\"wpcf7-form-control-wrap\" data-name=\"your-country\"><input size=\"40\" maxlength=\"400\" class=\"wpcf7-form-control wpcf7-text\" aria-invalid=\"false\" value=\"\" type=\"text\" name=\"your-country\" \/><\/span> <\/label>\n<\/p>\n<p><label> Empresa<br \/>\n<span class=\"wpcf7-form-control-wrap\" data-name=\"your-company\"><input size=\"40\" maxlength=\"400\" class=\"wpcf7-form-control wpcf7-text\" aria-invalid=\"false\" value=\"\" type=\"text\" name=\"your-company\" \/><\/span> <\/label>\n<\/p>\n<p><label> Asunto (obligatorio)<br \/>\n<span class=\"wpcf7-form-control-wrap\" data-name=\"your-subject\"><input size=\"40\" maxlength=\"400\" class=\"wpcf7-form-control wpcf7-text wpcf7-validates-as-required\" aria-required=\"true\" aria-invalid=\"false\" value=\"\" type=\"text\" name=\"your-subject\" \/><\/span> <\/label>\n<\/p>\n<p><label> Comentario<br \/>\n<span class=\"wpcf7-form-control-wrap\" data-name=\"your-message\"><textarea cols=\"40\" rows=\"10\" maxlength=\"2000\" class=\"wpcf7-form-control wpcf7-textarea\" aria-invalid=\"false\" name=\"your-message\"><\/textarea><\/span> <\/label>\n<\/p>\n<p><input class=\"wpcf7-form-control wpcf7-submit has-spinner\" type=\"submit\" value=\"Enviar\" \/>\n<\/p><div class=\"wpcf7-response-output\" aria-hidden=\"true\"><\/div>\n<\/form>\n<\/div>\n\n","protected":false},"excerpt":{"rendered":"<p>\u00bfEN QU\u00c9 PODEMOS AYUDARLO? D\u00e9jenos su consulta: D\u00d3NDE ESTAMOS? Buenos Aires Azopardo 770, office 1610 Quartier Madero Urbano +54 011 3220-1587 info@suma360.com Miami 7950 NW 53rd Street, Suite 337 (786) 871-6076 Twitter Facebook Linkedin Empleo Si est\u00e1s buscando trabajo fijo o freelance cont\u00e1ctanos solo por&#8230;<\/p>\n","protected":false},"author":1,"featured_media":0,"parent":0,"menu_order":0,"comment_status":"closed","ping_status":"closed","template":"full_width.php","meta":{"footnotes":""},"class_list":["post-482","page","type-page","status-publish","hentry"],"_links":{"self":[{"href":"http:\/\/suma360.com\/agencia\/wp-json\/wp\/v2\/pages\/482","targetHints":{"allow":["GET"]}}],"collection":[{"href":"http:\/\/suma360.com\/agencia\/wp-json\/wp\/v2\/pages"}],"about":[{"href":"http:\/\/suma360.com\/agencia\/wp-json\/wp\/v2\/types\/page"}],"author":[{"embeddable":true,"href":"http:\/\/suma360.com\/agencia\/wp-json\/wp\/v2\/users\/1"}],"replies":[{"embeddable":true,"href":"http:\/\/suma360.com\/agencia\/wp-json\/wp\/v2\/comments?post=482"}],"version-history":[{"count":46,"href":"http:\/\/suma360.com\/agencia\/wp-json\/wp\/v2\/pages\/482\/revisions"}],"predecessor-version":[{"id":561,"href":"http:\/\/suma360.com\/agencia\/wp-json\/wp\/v2\/pages\/482\/revisions\/561"}],"wp:attachment":[{"href":"http:\/\/suma360.com\/agencia\/wp-json\/wp\/v2\/media?parent=482"}],"curies":[{"name":"wp","href":"https:\/\/api.w.org\/{rel}","templated":true}]}}